{"id":29,"date":"2024-01-26T10:11:06","date_gmt":"2024-01-26T09:11:06","guid":{"rendered":"https:\/\/qxzwobcjhq.cfolks.pl\/pl\/?page_id=29"},"modified":"2024-01-26T10:53:45","modified_gmt":"2024-01-26T09:53:45","slug":"szczenieta","status":"publish","type":"page","link":"https:\/\/akhbota.marucms.pl\/pl\/szczenieta\/","title":{"rendered":"Szczeni\u0119ta"},"content":{"rendered":"\n<p>W dniu 10.11.2023 r. przysz\u0142y na \u015bwiat maluszki bolo\u0144czyki- dw\u00f3ch ch\u0142opc\u00f3w i dziewczynka. <\/p>\n\n\n\n<p>Rodzicami szczeni\u0105t s\u0105:<br><strong>matka:<\/strong> Little White Wonder BRIANNA<br><strong>ojciec:<\/strong> Tassefantenes Irresistible BENNIE<\/p>\n\n\n\n<p><\/p>\n\n\n\n<div class=\"wp-block-group alignfull has-background has-global-padding is-layout-constrained wp-block-group-is-layout-constrained\" style=\"background-color:#e0e0e0;margin-top:0;margin-bottom:0;padding-top:var(--wp--preset--spacing--20);padding-right:var(--wp--preset--spacing--50);padding-bottom:var(--wp--preset--spacing--20);padding-left:var(--wp--preset--spacing--50)\">\n<figure class=\"wp-block-gallery has-nested-images columns-default is-cropped wp-block-gallery-1 is-layout-flex wp-block-gallery-is-layout-flex\">\n<figure class=\"wp-block-image size-large\"><img loading=\"lazy\" decoding=\"async\" width=\"768\" height=\"1024\" src=\"https:\/\/qxzwobcjhq.cfolks.pl\/pl\/wp-content\/uploads\/sites\/4\/2024\/01\/2-tyg-768x1024.jpg\" alt=\"\" class=\"wp-image-61\" srcset=\"https:\/\/akhbota.marucms.pl\/pl\/wp-content\/uploads\/sites\/4\/2024\/01\/2-tyg-768x1024.jpg 768w, https:\/\/akhbota.marucms.pl\/pl\/wp-content\/uploads\/sites\/4\/2024\/01\/2-tyg-225x300.jpg 225w, https:\/\/akhbota.marucms.pl\/pl\/wp-content\/uploads\/sites\/4\/2024\/01\/2-tyg-1152x1536.jpg 1152w, https:\/\/akhbota.marucms.pl\/pl\/wp-content\/uploads\/sites\/4\/2024\/01\/2-tyg-rotated.jpg 1536w\" sizes=\"(max-width: 768px) 100vw, 768px\" \/><\/figure>\n\n\n\n<figure class=\"wp-block-image size-large\"><img loading=\"lazy\" decoding=\"async\" width=\"974\" height=\"1024\" src=\"https:\/\/qxzwobcjhq.cfolks.pl\/pl\/wp-content\/uploads\/sites\/4\/2024\/01\/35-tyg1-1-974x1024.jpg\" alt=\"\" class=\"wp-image-60\" srcset=\"https:\/\/akhbota.marucms.pl\/pl\/wp-content\/uploads\/sites\/4\/2024\/01\/35-tyg1-1-974x1024.jpg 974w, https:\/\/akhbota.marucms.pl\/pl\/wp-content\/uploads\/sites\/4\/2024\/01\/35-tyg1-1-285x300.jpg 285w, https:\/\/akhbota.marucms.pl\/pl\/wp-content\/uploads\/sites\/4\/2024\/01\/35-tyg1-1-768x808.jpg 768w, https:\/\/akhbota.marucms.pl\/pl\/wp-content\/uploads\/sites\/4\/2024\/01\/35-tyg1-1-1460x1536.jpg 1460w, https:\/\/akhbota.marucms.pl\/pl\/wp-content\/uploads\/sites\/4\/2024\/01\/35-tyg1-1.jpg 1947w\" sizes=\"(max-width: 974px) 100vw, 974px\" \/><\/figure>\n\n\n\n<figure class=\"wp-block-image size-large\"><img loading=\"lazy\" decoding=\"async\" width=\"1024\" height=\"768\" src=\"https:\/\/qxzwobcjhq.cfolks.pl\/pl\/wp-content\/uploads\/sites\/4\/2024\/01\/35tyg2-1024x768.jpg\" alt=\"\" class=\"wp-image-62\" srcset=\"https:\/\/akhbota.marucms.pl\/pl\/wp-content\/uploads\/sites\/4\/2024\/01\/35tyg2-1024x768.jpg 1024w, https:\/\/akhbota.marucms.pl\/pl\/wp-content\/uploads\/sites\/4\/2024\/01\/35tyg2-300x225.jpg 300w, https:\/\/akhbota.marucms.pl\/pl\/wp-content\/uploads\/sites\/4\/2024\/01\/35tyg2-768x576.jpg 768w, https:\/\/akhbota.marucms.pl\/pl\/wp-content\/uploads\/sites\/4\/2024\/01\/35tyg2-1536x1152.jpg 1536w, https:\/\/akhbota.marucms.pl\/pl\/wp-content\/uploads\/sites\/4\/2024\/01\/35tyg2.jpg 2048w\" sizes=\"(max-width: 1024px) 100vw, 1024px\" \/><\/figure>\n\n\n\n<figure class=\"wp-block-image size-large\"><img loading=\"lazy\" decoding=\"async\" width=\"1024\" height=\"768\" src=\"https:\/\/qxzwobcjhq.cfolks.pl\/pl\/wp-content\/uploads\/sites\/4\/2024\/01\/3tyg6-1-1024x768.jpg\" alt=\"\" class=\"wp-image-58\" srcset=\"https:\/\/akhbota.marucms.pl\/pl\/wp-content\/uploads\/sites\/4\/2024\/01\/3tyg6-1-1024x768.jpg 1024w, https:\/\/akhbota.marucms.pl\/pl\/wp-content\/uploads\/sites\/4\/2024\/01\/3tyg6-1-300x225.jpg 300w, https:\/\/akhbota.marucms.pl\/pl\/wp-content\/uploads\/sites\/4\/2024\/01\/3tyg6-1-768x576.jpg 768w, https:\/\/akhbota.marucms.pl\/pl\/wp-content\/uploads\/sites\/4\/2024\/01\/3tyg6-1-1536x1152.jpg 1536w, https:\/\/akhbota.marucms.pl\/pl\/wp-content\/uploads\/sites\/4\/2024\/01\/3tyg6-1.jpg 2048w\" sizes=\"(max-width: 1024px) 100vw, 1024px\" \/><\/figure>\n\n\n\n<figure class=\"wp-block-image size-large\"><img loading=\"lazy\" decoding=\"async\" width=\"768\" height=\"1024\" src=\"https:\/\/qxzwobcjhq.cfolks.pl\/pl\/wp-content\/uploads\/sites\/4\/2024\/01\/IMG_9049-768x1024.jpg\" alt=\"\" class=\"wp-image-59\" srcset=\"https:\/\/akhbota.marucms.pl\/pl\/wp-content\/uploads\/sites\/4\/2024\/01\/IMG_9049-768x1024.jpg 768w, https:\/\/akhbota.marucms.pl\/pl\/wp-content\/uploads\/sites\/4\/2024\/01\/IMG_9049-225x300.jpg 225w, https:\/\/akhbota.marucms.pl\/pl\/wp-content\/uploads\/sites\/4\/2024\/01\/IMG_9049-1152x1536.jpg 1152w, https:\/\/akhbota.marucms.pl\/pl\/wp-content\/uploads\/sites\/4\/2024\/01\/IMG_9049-rotated.jpg 1536w\" sizes=\"(max-width: 768px) 100vw, 768px\" \/><\/figure>\n<\/figure>\n<\/div>\n","protected":false},"excerpt":{"rendered":"<p>W dniu 10.11.2023 r. przysz\u0142y na \u015bwiat maluszki bolo\u0144czyki- dw\u00f3ch ch\u0142opc\u00f3w i dziewczynka. Rodzicami szczeni\u0105t s\u0105:matka: Little White Wonder BRIANNAojciec: Tassefantenes Irresistible BENNIE<\/p>\n","protected":false},"author":1,"featured_media":0,"parent":0,"menu_order":3,"comment_status":"closed","ping_status":"closed","template":"","meta":{"footnotes":""},"_links":{"self":[{"href":"https:\/\/akhbota.marucms.pl\/pl\/wp-json\/wp\/v2\/pages\/29"}],"collection":[{"href":"https:\/\/akhbota.marucms.pl\/pl\/wp-json\/wp\/v2\/pages"}],"about":[{"href":"https:\/\/akhbota.marucms.pl\/pl\/wp-json\/wp\/v2\/types\/page"}],"author":[{"embeddable":true,"href":"https:\/\/akhbota.marucms.pl\/pl\/wp-json\/wp\/v2\/users\/1"}],"replies":[{"embeddable":true,"href":"https:\/\/akhbota.marucms.pl\/pl\/wp-json\/wp\/v2\/comments?post=29"}],"version-history":[{"count":4,"href":"https:\/\/akhbota.marucms.pl\/pl\/wp-json\/wp\/v2\/pages\/29\/revisions"}],"predecessor-version":[{"id":64,"href":"https:\/\/akhbota.marucms.pl\/pl\/wp-json\/wp\/v2\/pages\/29\/revisions\/64"}],"wp:attachment":[{"href":"https:\/\/akhbota.marucms.pl\/pl\/wp-json\/wp\/v2\/media?parent=29"}],"curies":[{"name":"wp","href":"https:\/\/api.w.org\/{rel}","templated":true}]}}