{"id":12,"date":"2024-01-26T09:57:50","date_gmt":"2024-01-26T08:57:50","guid":{"rendered":"https:\/\/qxzwobcjhq.cfolks.pl\/pl\/?page_id=12"},"modified":"2024-01-26T19:11:13","modified_gmt":"2024-01-26T18:11:13","slug":"kontakt","status":"publish","type":"page","link":"https:\/\/akhbota.marucms.pl\/pl\/kontakt\/","title":{"rendered":"Kontakt"},"content":{"rendered":"\n<p class=\"has-text-align-center\"><strong>Hodowla Akhbota (FCI)<\/strong><\/p>\n\n\n\n<p class=\"has-text-align-center\"><br>Jedli\u0144sk ko\u0142o Radomia<br>wojew\u00f3dztwo mazowieckie<br>mail: koczkodaj.u@gmail.com<br>nr telefonu: 606 463 164<\/p>\n\n\n\n<p class=\"has-text-align-center\">FB Ula Koczkodaj Akhbota<br>Instagram:urszulakoczkodaj<\/p>\n","protected":false},"excerpt":{"rendered":"<p>Hodowla Akhbota (FCI) Jedli\u0144sk ko\u0142o Radomiawojew\u00f3dztwo mazowieckiemail: koczkodaj.u@gmail.comnr telefonu: 606 463 164 FB Ula Koczkodaj AkhbotaInstagram:urszulakoczkodaj<\/p>\n","protected":false},"author":1,"featured_media":0,"parent":0,"menu_order":4,"comment_status":"closed","ping_status":"closed","template":"","meta":{"footnotes":""},"_links":{"self":[{"href":"https:\/\/akhbota.marucms.pl\/pl\/wp-json\/wp\/v2\/pages\/12"}],"collection":[{"href":"https:\/\/akhbota.marucms.pl\/pl\/wp-json\/wp\/v2\/pages"}],"about":[{"href":"https:\/\/akhbota.marucms.pl\/pl\/wp-json\/wp\/v2\/types\/page"}],"author":[{"embeddable":true,"href":"https:\/\/akhbota.marucms.pl\/pl\/wp-json\/wp\/v2\/users\/1"}],"replies":[{"embeddable":true,"href":"https:\/\/akhbota.marucms.pl\/pl\/wp-json\/wp\/v2\/comments?post=12"}],"version-history":[{"count":3,"href":"https:\/\/akhbota.marucms.pl\/pl\/wp-json\/wp\/v2\/pages\/12\/revisions"}],"predecessor-version":[{"id":100,"href":"https:\/\/akhbota.marucms.pl\/pl\/wp-json\/wp\/v2\/pages\/12\/revisions\/100"}],"wp:attachment":[{"href":"https:\/\/akhbota.marucms.pl\/pl\/wp-json\/wp\/v2\/media?parent=12"}],"curies":[{"name":"wp","href":"https:\/\/api.w.org\/{rel}","templated":true}]}}